{"id":2,"date":"2017-04-19T14:24:21","date_gmt":"2017-04-19T14:24:21","guid":{"rendered":"https:\/\/leadinjection.io\/insurance\/?page_id=2"},"modified":"2020-04-20T21:25:34","modified_gmt":"2020-04-20T21:25:34","slug":"insurance-landing-page","status":"publish","type":"page","link":"https:\/\/perklone-ext.com\/spanish\/","title":{"rendered":"Perklone Landing Page"},"content":{"rendered":"<p>[vc_row 0=&#8221;&#8221; el_id=&#8221;home&#8221;][vc_column 0=&#8221;&#8221;][rev_slider_vc alias=&#8221;insurance-slider&#8221;][\/vc_column][\/vc_row][vc_row css=&#8221;.vc_custom_1577851799908{padding-top: 85px !important;}&#8221; el_id=&#8221;perklone&#8221;][vc_column width=&#8221;1\/2&#8243;]\n\n\n    <h3 id=\"heading_6a05bf8489c5e\" class=\"li-heading  center fw-bold         vc_custom_1587307377205\" style=\"color: #ee1c25;\" >\n        Acerca de Perklone \u2122 EXT            <\/h3>\n\n\n\n    \n\n    <div id=\"image_6a05bf8489cbf\" class=\"li-image  center\" >\n\n        \n            \n                <img loading=\"lazy\" decoding=\"async\" width=\"244\" height=\"87\" src=\"https:\/\/perklone-ext.com\/spanish\/wp-content\/uploads\/sites\/3\/perklone-logo.png\" class=\"img-responsive\" alt=\"\" srcset=\"https:\/\/perklone-ext.com\/spanish\/wp-content\/uploads\/sites\/3\/perklone-logo.png 244w, https:\/\/perklone-ext.com\/spanish\/wp-content\/uploads\/sites\/3\/perklone-logo-150x53.png 150w\" sizes=\"auto, (max-width: 244px) 100vw, 244px\" \/>\n            \n        \n    <\/div>\n\n     \n        <div id=\"textblock_6a05bf8489fef\" class=\"li-textblock\" >\n        <p style=\"text-align: center;\"><strong>Industria:<\/strong> refiner\u00eda<\/p>\n<p style=\"text-align: center;\"><strong>Aplicaciones:<\/strong> <strong>Perklone\u2122 EXT<\/strong> es un grado especial de percloroetileno para ser utilizado en la regeneraci\u00f3n de catalizadores para la refinaci\u00f3n de petr\u00f3leo. <strong>Perklone\u2122 EXT<\/strong> cuenta con la aprobaci\u00f3n de Universal Oil Products (UOP).<\/p>\n<p style=\"text-align: center;\"><strong>Palabras clave:<\/strong> proceso de isomerizaci\u00f3n; proceso de transformaci\u00f3n de hidrocarburos (<em>platforming<\/em>); regeneraci\u00f3n de catalizadores para la refiner\u00eda.<\/p>\n<div class=\"page\" title=\"Page 1\">\n<div class=\"section\">\n<div class=\"layoutArea\">\n<div class=\"column\">\n<p style=\"text-align: center;\">Los productos <strong>PERKLONE\u2122<\/strong> cumplen con la normativa <strong>REACH<\/strong><\/p>\n<p style=\"text-align: center;\"><strong>Nombre del producto:<\/strong><br \/>\nPerklone\u2122 EXT (grado catal\u00edtico \/ aplicaciones para refiner\u00edas \/<br \/>\ngrado isomerizaci\u00f3n)<br \/>\nPerklone\u2122 EXT (tetracloroetileno\/percloroetileno)<br \/>\nPerklone\u2122 EXT (nuestro producto de marca registrada \/ ICI Perklone EXT; producto aprobado por UOP)<\/p>\n<p style=\"text-align: center;\">Todos nuestros productos se fabrican de conformidad con la norma ISO9001 en el Reino Unido para materias primas de primera calidad (&gt;99,99 % puro antes de su estabilizaci\u00f3n)<\/p>\n<\/div>\n<\/div>\n<\/div>\n<\/div>\n    <\/div>\n\n\n     [\/vc_column][vc_column width=&#8221;1\/2&#8243;]\n\n\n    <h3 id=\"heading_6a05bf848a07a\" class=\"li-heading  center fw-bold         vc_custom_1587307797548\" style=\"color: #ee1c25;\" >\n        Composici\u00f3n Qu\u00edmica            <\/h3>\n\n\n\n    \n\n    <div id=\"image_6a05bf848a094\" class=\"li-image  center\" >\n\n        \n            \n                <img loading=\"lazy\" decoding=\"async\" width=\"250\" height=\"290\" src=\"https:\/\/perklone-ext.com\/spanish\/wp-content\/uploads\/sites\/3\/Perklone-EXT-Formula.jpg\" class=\"img-responsive\" alt=\"\" srcset=\"https:\/\/perklone-ext.com\/spanish\/wp-content\/uploads\/sites\/3\/Perklone-EXT-Formula.jpg 250w, https:\/\/perklone-ext.com\/spanish\/wp-content\/uploads\/sites\/3\/Perklone-EXT-Formula-129x150.jpg 129w\" sizes=\"auto, (max-width: 250px) 100vw, 250px\" \/>\n            \n        \n    <\/div>\n\n     \n        <div id=\"textblock_6a05bf848a78c\" class=\"li-textblock\" >\n        <p align=\"center\">Molecular Mass 165.8<br \/>\nCAS Number 127-18-4<br \/>\nChemical Formula: CCl2=CCl2 (C2Cl4)<br \/>\nCatalyst grade Perchloroethylene<br \/>\nIsomerization grade Perchloroethylene<br \/>\nPerchloroethylene (also known as Tetrachloroethylene or PCE)<\/p>\n    <\/div>\n\n\n     [\/vc_column][\/vc_row][vc_row full_width=&#8221;stretch_row&#8221; parallax=&#8221;content-moving-fade&#8221; parallax_image=&#8221;178&#8243; css=&#8221;.vc_custom_1580973978412{margin-bottom: 0px !important;padding-top: 85px !important;padding-bottom: 85px !important;background-color: rgba(35,141,69,0.1) !important;*background-color: rgb(35,141,69) !important;}&#8221; el_id=&#8221;aboutus&#8221;][vc_column]\n\n\n    <h3 id=\"heading_6a05bf848a7d0\" class=\"li-heading  left fw-bold   content-center-sm      vc_custom_1587307852620\" style=\"color: #ee1c25;\" >\n        Banner Chemicals UK        <small  class=\"fw-normal\">Predicando excelencia hace m\u00e1s de 160 a\u00f1os<\/small>    <\/h3>\n\n\n\n    [vc_row_inner css=&#8221;.vc_custom_1492625639392{margin-bottom: 45px !important;}&#8221;][vc_column_inner width=&#8221;1\/2&#8243;]\n\n\n    <h3 id=\"heading_6a05bf848a7ea\" class=\"li-heading  left fw-bold         vc_custom_1587308662603\" style=\"color: #ee1c25;\" >\n        Visi\u00f3n de conjunto            <\/h3>\n\n\n\n    \n        <div id=\"textblock_6a05bf848a7fb\" class=\"li-textblock\" >\n        <p>PERKLONE\u2122,\u00a0 TRIKLONE\u2122 y MEC\u2122 Prime son marcas registradas comercializadas A NIVEL GLOBAL y EXCLUSIVAMENTE por <strong><a href=\"http:\/\/www.bannerchemicals.com\/\">Banner Chemicals UK<\/a><\/strong><\/p>\n<p><strong><a href=\"http:\/\/www.bannerchemicals.com\/\">Banner Chemicals UK<\/a><\/strong> ha suministrado <strong>PERKLONE\u2122 EXT<\/strong> a la mayor\u00eda de las refiner\u00edas en todo el mundo, incluidas algunas de las mayores refiner\u00edas de petr\u00f3leo del mundo.<\/p>\n<p><strong><a href=\"http:\/\/www.bannerchemicals.com\/\">Banner Chemicals UK<\/a><\/strong> entrega <strong>PERKLONE\u2122 EXT<\/strong> a granel o tambores a todos los principales puertos de aguas profundas del mundo.<\/p>\n    <\/div>\n\n\n     [\/vc_column_inner][vc_column_inner width=&#8221;1\/2&#8243;]\n\n\n    <h3 id=\"heading_6a05bf848a839\" class=\"li-heading  left fw-bold         vc_custom_1587308855777\" style=\"color: #ee1c25;\" >\n        Calidad y La seguridad Controlar            <\/h3>\n\n\n\n    \n        <div id=\"textblock_6a05bf848a849\" class=\"li-textblock\" >\n        <ul>\n<li>Environmental Management System &#8211; ISO 14001<\/li>\n<li>Quality Management System &#8211; ISO 9001<\/li>\n<li>Integrated Management Registration &#8211; PAS 99<\/li>\n<li>Occupational H&amp;S Management System &#8211; OHSAS<\/li>\n<li>European Single Assessment Document &#8211; (ESAD II)<\/li>\n<li>Fully committed to Responsible Care \u00ae<\/li>\n<li>REACH registration<\/li>\n<li>UOP Fully Universal Oil Products (UOP) approved<\/li>\n<\/ul>\n    <\/div>\n\n\n     [\/vc_column_inner][\/vc_row_inner][\/vc_column][\/vc_row][vc_row full_width=&#8221;stretch_row_content_no_spaces&#8221; css=&#8221;.vc_custom_1577851840465{margin-bottom: 0px !important;border-bottom-width: 1px !important;padding-bottom: 10px !important;border-bottom-style: solid !important;}&#8221; el_id=&#8221;contact&#8221;][vc_column 0=&#8221;&#8221;][vc_gmaps link=&#8221;#E-8_JTNDaWZyYW1lJTIwc3JjJTNEJTIyaHR0cHMlM0ElMkYlMkZ3d3cuZ29vZ2xlLmNvbSUyRm1hcHMlMkZlbWJlZCUzRnBiJTNEJTIxMW0xOCUyMTFtMTIlMjExbTMlMjExZDIzODMuOTY3NzU4NDU0NTI3NSUyMTJkLTIuNzAyMzkwMjg0MzY3MDI5OCUyMTNkNTMuMzA4MDIzNjc5OTcxMDQlMjEybTMlMjExZjAlMjEyZjAlMjEzZjAlMjEzbTIlMjExaTEwMjQlMjEyaTc2OCUyMTRmMTMuMSUyMTNtMyUyMTFtMiUyMTFzMHg0ODdhZmQ0Y2RmMzA2OTRiJTI1M0EweGJkZjFmNjVjMTY5ZjExZWQlMjEyc0Jhbm5lciUyNTIwQ2hlbWljYWxzJTI1MjBMdGQlMjE1ZTAlMjEzbTIlMjExc2VuJTIxMnNpbiUyMTR2MTU3Nzc2ODA2OTI2NSUyMTVtMiUyMTFzZW4lMjEyc2luJTIyJTIwd2lkdGglM0QlMjI2MDAlMjIlMjBoZWlnaHQlM0QlMjI0NTAlMjIlMjBmcmFtZWJvcmRlciUzRCUyMjAlMjIlMjBzdHlsZSUzRCUyMmJvcmRlciUzQTAlM0IlMjIlMjBhbGxvd2Z1bGxzY3JlZW4lM0QlMjIlMjIlM0UlM0MlMkZpZnJhbWUlM0U=&#8221;][\/vc_column][\/vc_row]<\/p>\n","protected":false},"excerpt":{"rendered":"<p>[vc_row 0=&#8221;&#8221; el_id=&#8221;home&#8221;][vc_column 0=&#8221;&#8221;][rev_slider_vc alias=&#8221;insurance-slider&#8221;][\/vc_column][\/vc_row][vc_row css=&#8221;.vc_custom_1577851799908{padding-top: 85px !important;}&#8221; el_id=&#8221;perklone&#8221;][vc_column width=&#8221;1\/2&#8243;][\/vc_column][vc_column width=&#8221;1\/2&#8243;][\/vc_column][\/vc_row][vc_row full_width=&#8221;stretch_row&#8221; parallax=&#8221;content-moving-fade&#8221; parallax_image=&#8221;178&#8243; css=&#8221;.vc_custom_1580973978412{margin-bottom: 0px !important;padding-top: 85px !important;padding-bottom: 85px !important;background-color: rgba(35,141,69,0.1) !important;*background-color: rgb(35,141,69) !important;}&#8221; el_id=&#8221;aboutus&#8221;][vc_column][vc_row_inner css=&#8221;.vc_custom_1492625639392{margin-bottom: 45px !important;}&#8221;][vc_column_inner width=&#8221;1\/2&#8243;][\/vc_column_inner][vc_column_inner width=&#8221;1\/2&#8243;][\/vc_column_inner][\/vc_row_inner][\/vc_column][\/vc_row][vc_row full_width=&#8221;stretch_row_content_no_spaces&#8221; css=&#8221;.vc_custom_1577851840465{margin-bottom: 0px !important;border-bottom-width: 1px !important;padding-bottom: 10px !important;border-bottom-style: solid !important;}&#8221; el_id=&#8221;contact&#8221;][vc_column 0=&#8221;&#8221;][vc_gmaps link=&#8221;#E-8_JTNDaWZyYW1lJTIwc3JjJTNEJTIyaHR0cHMlM0ElMkYlMkZ3d3cuZ29vZ2xlLmNvbSUyRm1hcHMlMkZlbWJlZCUzRnBiJTNEJTIxMW0xOCUyMTFtMTIlMjExbTMlMjExZDIzODMuOTY3NzU4NDU0NTI3NSUyMTJkLTIuNzAyMzkwMjg0MzY3MDI5OCUyMTNkNTMuMzA4MDIzNjc5OTcxMDQlMjEybTMlMjExZjAlMjEyZjAlMjEzZjAlMjEzbTIlMjExaTEwMjQlMjEyaTc2OCUyMTRmMTMuMSUyMTNtMyUyMTFtMiUyMTFzMHg0ODdhZmQ0Y2RmMzA2OTRiJTI1M0EweGJkZjFmNjVjMTY5ZjExZWQlMjEyc0Jhbm5lciUyNTIwQ2hlbWljYWxzJTI1MjBMdGQlMjE1ZTAlMjEzbTIlMjExc2VuJTIxMnNpbiUyMTR2MTU3Nzc2ODA2OTI2NSUyMTVtMiUyMTFzZW4lMjEyc2luJTIyJTIwd2lkdGglM0QlMjI2MDAlMjIlMjBoZWlnaHQlM0QlMjI0NTAlMjIlMjBmcmFtZWJvcmRlciUzRCUyMjAlMjIlMjBzdHlsZSUzRCUyMmJvcmRlciUzQTAlM0IlMjIlMjBhbGxvd2Z1bGxzY3JlZW4lM0QlMjIlMjIlM0UlM0MlMkZpZnJhbWUlM0U=&#8221;][\/vc_column][\/vc_row]<\/p>\n","protected":false},"author":1,"featured_media":0,"parent":0,"menu_order":0,"comment_status":"closed","ping_status":"open","template":"","meta":{"inline_featured_image":false,"footnotes":""},"class_list":["post-2","page","type-page","status-publish","hentry"],"_links":{"self":[{"href":"https:\/\/perklone-ext.com\/spanish\/wp-json\/wp\/v2\/pages\/2","targetHints":{"allow":["GET"]}}],"collection":[{"href":"https:\/\/perklone-ext.com\/spanish\/wp-json\/wp\/v2\/pages"}],"about":[{"href":"https:\/\/perklone-ext.com\/spanish\/wp-json\/wp\/v2\/types\/page"}],"author":[{"embeddable":true,"href":"https:\/\/perklone-ext.com\/spanish\/wp-json\/wp\/v2\/users\/1"}],"replies":[{"embeddable":true,"href":"https:\/\/perklone-ext.com\/spanish\/wp-json\/wp\/v2\/comments?post=2"}],"version-history":[{"count":64,"href":"https:\/\/perklone-ext.com\/spanish\/wp-json\/wp\/v2\/pages\/2\/revisions"}],"predecessor-version":[{"id":195,"href":"https:\/\/perklone-ext.com\/spanish\/wp-json\/wp\/v2\/pages\/2\/revisions\/195"}],"wp:attachment":[{"href":"https:\/\/perklone-ext.com\/spanish\/wp-json\/wp\/v2\/media?parent=2"}],"curies":[{"name":"wp","href":"https:\/\/api.w.org\/{rel}","templated":true}]}}